{"id":58,"date":"2024-01-23T15:10:49","date_gmt":"2024-01-23T18:10:49","guid":{"rendered":"https:\/\/paulogalera.com\/?page_id=58"},"modified":"2024-01-24T22:56:32","modified_gmt":"2024-01-25T01:56:32","slug":"carreira","status":"publish","type":"page","link":"https:\/\/paulogalera.com\/index.php\/carreira\/","title":{"rendered":"Carreira"},"content":{"rendered":"\t\t<div data-elementor-type=\"wp-page\" data-elementor-id=\"58\" class=\"elementor elementor-58\">\n\t\t\t\t\t\t\t<div class=\"elementor-element elementor-element-d6eb5fe e-flex e-con-boxed e-con e-parent\" data-id=\"d6eb5fe\" data-element_type=\"container\" data-settings=\"{&quot;content_width&quot;:&quot;boxed&quot;}\" data-core-v316-plus=\"true\">\n\t\t\t\t\t<div class=\"e-con-inner\">\n\t\t\t\t<div class=\"elementor-element elementor-element-ade4359 elementor-widget__width-inherit elementor-widget elementor-widget-testimonial\" data-id=\"ade4359\" data-element_type=\"widget\" data-widget_type=\"testimonial.default\">\n\t\t\t\t<div class=\"elementor-widget-container\">\n\t\t\t<style>\/*! elementor - v3.18.0 - 20-12-2023 *\/\n.elementor-testimonial-wrapper{overflow:hidden;text-align:center}.elementor-testimonial-wrapper .elementor-testimonial-content{font-size:1.3em;margin-bottom:20px}.elementor-testimonial-wrapper .elementor-testimonial-name{line-height:1.5;display:block}.elementor-testimonial-wrapper .elementor-testimonial-job{font-size:.85em;display:block}.elementor-testimonial-wrapper .elementor-testimonial-meta{width:100%;line-height:1}.elementor-testimonial-wrapper .elementor-testimonial-meta-inner{display:inline-block}.elementor-testimonial-wrapper .elementor-testimonial-meta .elementor-testimonial-details,.elementor-testimonial-wrapper .elementor-testimonial-meta .elementor-testimonial-image{display:table-cell;vertical-align:middle}.elementor-testimonial-wrapper .elementor-testimonial-meta .elementor-testimonial-image img{width:60px;height:60px;border-radius:50%;-o-object-fit:cover;object-fit:cover;max-width:none}.elementor-testimonial-wrapper .elementor-testimonial-meta.elementor-testimonial-image-position-aside .elementor-testimonial-image{padding-right:15px}.elementor-testimonial-wrapper .elementor-testimonial-meta.elementor-testimonial-image-position-aside .elementor-testimonial-details{text-align:left}.elementor-testimonial-wrapper .elementor-testimonial-meta.elementor-testimonial-image-position-top .elementor-testimonial-details,.elementor-testimonial-wrapper .elementor-testimonial-meta.elementor-testimonial-image-position-top .elementor-testimonial-image{display:block}.elementor-testimonial-wrapper .elementor-testimonial-meta.elementor-testimonial-image-position-top .elementor-testimonial-image{margin-bottom:20px}<\/style>\t\t<div class=\"elementor-testimonial-wrapper\">\n\t\t\t\n\t\t\t\t\t\t<div class=\"elementor-testimonial-meta elementor-has-image elementor-testimonial-image-position-aside\">\n\t\t\t\t<div class=\"elementor-testimonial-meta-inner\">\n\t\t\t\t\t\t\t\t\t\t\t<div class=\"elementor-testimonial-image\">\n\t\t\t\t\t\t\t<img fetchpriority=\"high\" decoding=\"async\" width=\"822\" height=\"811\" src=\"https:\/\/paulogalera.com\/wp-content\/uploads\/2024\/01\/JM.png\" class=\"attachment-full size-full wp-image-505\" alt=\"\" srcset=\"https:\/\/paulogalera.com\/wp-content\/uploads\/2024\/01\/JM.png 822w, https:\/\/paulogalera.com\/wp-content\/uploads\/2024\/01\/JM-300x296.png 300w, https:\/\/paulogalera.com\/wp-content\/uploads\/2024\/01\/JM-768x758.png 768w, https:\/\/paulogalera.com\/wp-content\/uploads\/2024\/01\/JM-600x592.png 600w, https:\/\/paulogalera.com\/wp-content\/uploads\/2024\/01\/JM-100x100.png 100w\" sizes=\"(max-width: 822px) 100vw, 822px\" \/>\t\t\t\t\t\t<\/div>\n\t\t\t\t\t\n\t\t\t\t\t\t\t\t\t\t<div class=\"elementor-testimonial-details\">\n\t\t\t\t\t\t\t\t\t\t\t\t\t\t<div class=\"elementor-testimonial-name\">J M<\/div>\n\t\t\t\t\t\t\t\t\t\t\t\t\t\t\t\t\t\t\t\t\t\t<div class=\"elementor-testimonial-job\">Skatista e diretor \"The best daggers\"<\/div>\n\t\t\t\t\t\t\t\t\t\t\t\t\t<\/div>\n\t\t\t\t\t\t\t\t\t<\/div>\n\t\t\t<\/div>\n\t\t\t\t\t<\/div>\n\t\t\t\t<\/div>\n\t\t\t\t<\/div>\n\t\t\t\t<div class=\"elementor-element elementor-element-a3fcd3c elementor-widget elementor-widget-text-editor\" data-id=\"a3fcd3c\" data-element_type=\"widget\" data-widget_type=\"text-editor.default\">\n\t\t\t\t<div class=\"elementor-widget-container\">\n\t\t\t<style>\/*! elementor - v3.18.0 - 20-12-2023 *\/\n.elementor-widget-text-editor.elementor-drop-cap-view-stacked .elementor-drop-cap{background-color:#69727d;color:#fff}.elementor-widget-text-editor.elementor-drop-cap-view-framed .elementor-drop-cap{color:#69727d;border:3px solid;background-color:transparent}.elementor-widget-text-editor:not(.elementor-drop-cap-view-default) .elementor-drop-cap{margin-top:8px}.elementor-widget-text-editor:not(.elementor-drop-cap-view-default) .elementor-drop-cap-letter{width:1em;height:1em}.elementor-widget-text-editor .elementor-drop-cap{float:left;text-align:center;line-height:1;font-size:50px}.elementor-widget-text-editor .elementor-drop-cap-letter{display:inline-block}<\/style>\t\t\t\t<div>Tudo come\u00e7ou no ano de 2000, Conheci o PG e ele j\u00e1 inovando, uma crian\u00e7a prod\u00edgio cheio de talento e futuro no skate.<\/div><div>Come\u00e7amos a filmar com um monstro flip croocked, que naquela \u00e9poca era para poucos skatistas, ali formamos uma amizade eterna. conversei com aque\u00e7a crian\u00e7a que me ouvia e falava comigo como se j\u00e1 fosse um adulto, pois j\u00e1, desde j\u00e1 era muito evolu\u00eddo e focado naquilo que seria ser (skatista pro), partimos ent\u00e3o para sua v\u00eddeo part no Daggers ||&#8230; <\/div><div>\u00a0<\/div><div>Tive que pedir autoriza\u00e7\u00e3o para seus pais, e me explicar como seria nossa linha de conduta nas produ\u00e7\u00f5es externas (sa\u00eddas com ele). PG me chocou e chocou a todos com sua high performance inovadora, com uma performance visionaria e j\u00e1 muito a frente do que rolava no mundo do skate do Brasil, e assim foram dois anos com ele e suas manobras inovadoras, seu carisma verdadeiro, sua vontade infinita de andar de skate e atingir patamares s\u00f3lidos no skate, um skatista de muito foco em tudo que faz. Na sua primeira v\u00eddeo part em nosso v\u00eddeo, ele foi a revela\u00e7\u00e3o com todos os m\u00e9ritos merecidos, muito elogiado por todos. Estamos finalizando sua part no Daggers II, e ele j\u00e1 me abordando sobre a edi\u00e7\u00e3o III, com muita vontade e skate sobrando para tudo isso, na terceira edi\u00e7\u00e3o PG veio maior e com mais for\u00e7a f\u00edsica. <\/div><div>\u00a0<\/div><div>Sempre inovando, radicalizando e sendo cada vez mais ele, com uma performance \u00fanica e exclusiva naque momento no Brasil e no mundo. Eu e ele j\u00e1 est\u00e1vamos muito integrados e pens\u00e1vamos igual em rela\u00e7\u00e3o ao trabalho que desenvolv\u00edamos, muito amigos e todos os dias juntos. Sua performance na terceira edi\u00e7\u00e3o foi radical, inovadora e at\u00e9 mesmo assustadora, ele nada mais nada menos ganhou o privil\u00e9gio e a responsabilidade de abrir o v\u00eddeo, pois com todo aquela performance inovadora e de alto n\u00edvel s\u00f3 poderia ter sido assim. Depois desse feito da terceira edi\u00e7\u00e3o, por motivos de for\u00e7a maior, tivemos um hiato de algum tempo sem produ\u00e7\u00e3o de v\u00eddeos.<\/div><div>\u00a0<\/div><div>Ent\u00e3o PG ganhou o mundo com viagens, que s\u00f3 fortaleceram e ampliaram seus horizontes como skatista. E assim come\u00e7ou a vir o reconhecimento das m\u00eddias especializadas.<\/div><div>PG estampou nesse tr\u00e2mite de sua carreira, 4 capas das mais tradicionais revistas de skate do Brasil, e assim sua carreira foi cada vez mais para frente, PG colocando seu nome na hist\u00f3ria do skate mundial com suas tricks inovadoras e radicais como, heel flip nose slide, flip croocked, e kick flip board slide (primeiro skatista no Brasil a executar essa trick), bs feeble no temido corrim\u00e3o grande da c\u00e2mara dos vereadores de POA, bs flip board slide entre outras&#8230; e tudo com muita pot\u00eancia, t\u00e9cnica e muita vontade de evoluir.<\/div><div>Voltando a terceira edi\u00e7\u00e3o, sua v\u00eddeo part foi aclamada por skatistas de todas as partes do mundo, pois ele mostrava muito futuro inovador, e ele PG estava conduzindo o skate no Brasil para um patamar muito t\u00e9cnico, preciso e radical, que fazia todos os skatista correrem atr\u00e1s dessa evolu\u00e7\u00e3o e mudan\u00e7a no cen\u00e1rio que o PG estava colocando naquele momento.<\/div><div>\u00a0<\/div><div>PG ganhou o mundo com viagens e assim colocou seu nome no Hall de skatista de verdade no mundo. Depois de tudo isso come\u00e7amos a produ\u00e7\u00e3o da quarta edi\u00e7\u00e3o de nosso v\u00eddeo, PG um cara adulto cheio da high performance, eu diretor do v\u00eddeo n\u00e3o precisava mais dirigi lo, sua alta disciplina, amadurecimento e conduta levava ele a dirigir sua v\u00eddeo part, seu amadurecimento e sua high performance, o levou a fechar a quarta edi\u00e7\u00e3o. <\/div><div>\u00a0<\/div><div>Com uma super v\u00eddeo part novamente aclamada por todos skatistas, PG sempre com seu sorris\u00e3o estampado no rosto, isso \u00e9 a maior amostra verdadeira daquele que ama o que faz.<\/div><div>\u00a0<\/div><div>PG e seu skate, uma coisa s\u00f3.<\/div><div>PG, sua alma e seu skate se fundem na mesma mat\u00e9ria, s\u00e3o uma coisa s\u00f3.<\/div><div>PG cresceu e fez sua vida em cima de seu skate.<\/div><div>PG \u00e9 um verdadeiro skatista Pro.<\/div><div>\u00a0<\/div><div>Mesmo contanto profissionalismo que o levou ao sucesso, com v\u00e1rios pro models de shape em empresas de nome nacional a at\u00e9 mesmo internacional, acredito que ele \u00e9 o skatista que mais colocou sua assinatura em pro models de t\u00eanis exclusivos para skate no Brasil, isso tudo resultado de seu empenho, sua conduta, sua maneira racional e digna de evoluir sem pisar ou passar por cima de ningu\u00e9m.<\/div><div>Al\u00e9m de ser esse skatista de n\u00edvel internacional, PG \u00e9 um cara sensato, cheio de qualidades, um esp\u00edrito amoroso, uma conduta conservadora e inovadora, um car\u00e1ter sem igual, uma pessoa verdadeira e transparente, um grande amigo de quem ele \u00e9 amigo. Pois \u00e9 um cara que a vida o ensinou a n\u00e3o se misturar com aqueles que n\u00e3o somam, PG sabe escolher. Assim como sabe andar e radicalizar quando est\u00e1 no for fun, no seu dia a dia, ou em campeonato. <\/div><div>\u00a0<\/div><div>Foram mais de 20 anos que eu e ele viemos se divertindo e formando essa amizade madura e eterna que temos, e assim vamos mais ainda, com muito skate, muita amizade e divers\u00e3o. Agrade\u00e7o todos os dias a Deus, que nos colocou frente a frente, com o PG eu s\u00f3 evolu\u00ed, e tive um entendimento maior naquilo que amo e fa\u00e7o. PG com seu car\u00e1ter sempre igual e com seu skate inovador me levou a uma evolu\u00e7\u00e3o extraordin\u00e1ria. Agrade\u00e7o muito ao Athos Porto que foi nosso padrinho nessa eterna amizade e irmandade que formamos ao longo de mais de 20 anos.<\/div><div>\u00a0<\/div><div>PG, deixo aqui nessa linhas escritas, toda a minha admira\u00e7\u00e3o, respeito e amor a nossa amizade, sei que faltam palavras em meu vocabul\u00e1rio para te elogiar e falar mais sobre voc\u00ea, meus sinceros parab\u00e9ns pelo seu alcance, conquistas e vit\u00f3rias.<\/div>\t\t\t\t\t\t<\/div>\n\t\t\t\t<\/div>\n\t\t\t\t\t<\/div>\n\t\t\t\t<\/div>\n\t\t\t\t\t\t\t<\/div>\n\t\t","protected":false},"excerpt":{"rendered":"<p>J M Skatista e diretor &#8220;The best daggers&#8221; Tudo come\u00e7ou no ano de 2000, Conheci o PG e ele j\u00e1 inovando, uma crian\u00e7a prod\u00edgio cheio de talento e futuro no skate.Come\u00e7amos a filmar com um monstro flip croocked, que naquela \u00e9poca era para poucos skatistas, ali formamos uma amizade eterna. conversei com aque\u00e7a crian\u00e7a que [&hellip;]<\/p>\n","protected":false},"author":1,"featured_media":0,"parent":0,"menu_order":0,"comment_status":"closed","ping_status":"closed","template":"","meta":{"om_disable_all_campaigns":false,"_uag_custom_page_level_css":"","_monsterinsights_skip_tracking":false,"_monsterinsights_sitenote_active":false,"_monsterinsights_sitenote_note":"","_monsterinsights_sitenote_category":0,"site-sidebar-layout":"default","site-content-layout":"","ast-site-content-layout":"","site-content-style":"default","site-sidebar-style":"default","ast-global-header-display":"","ast-banner-title-visibility":"","ast-main-header-display":"","ast-hfb-above-header-display":"","ast-hfb-below-header-display":"","ast-hfb-mobile-header-display":"","site-post-title":"","ast-breadcrumbs-content":"","ast-featured-img":"","footer-sml-layout":"","theme-transparent-header-meta":"","adv-header-id-meta":"","stick-header-meta":"","header-above-stick-meta":"","header-main-stick-meta":"","header-below-stick-meta":"","astra-migrate-meta-layouts":"default","ast-page-background-enabled":"default","ast-page-background-meta":{"desktop":{"background-color":"var(--ast-global-color-4)","background-image":"","background-repeat":"repeat","background-position":"center center","background-size":"auto","background-attachment":"scroll","background-type":"","background-media":"","overlay-type":"","overlay-color":"","overlay-gradient":""},"tablet":{"background-color":"","background-image":"","background-repeat":"repeat","background-position":"center center","background-size":"auto","background-attachment":"scroll","background-type":"","background-media":"","overlay-type":"","overlay-color":"","overlay-gradient":""},"mobile":{"background-color":"","background-image":"","background-repeat":"repeat","background-position":"center center","background-size":"auto","background-attachment":"scroll","background-type":"","background-media":"","overlay-type":"","overlay-color":"","overlay-gradient":""}},"ast-content-background-meta":{"desktop":{"background-color":"var(--ast-global-color-5)","background-image":"","background-repeat":"repeat","background-position":"center center","background-size":"auto","background-attachment":"scroll","background-type":"","background-media":"","overlay-type":"","overlay-color":"","overlay-gradient":""},"tablet":{"background-color":"var(--ast-global-color-5)","background-image":"","background-repeat":"repeat","background-position":"center center","background-size":"auto","background-attachment":"scroll","background-type":"","background-media":"","overlay-type":"","overlay-color":"","overlay-gradient":""},"mobile":{"background-color":"var(--ast-global-color-5)","background-image":"","background-repeat":"repeat","background-position":"center center","background-size":"auto","background-attachment":"scroll","background-type":"","background-media":"","overlay-type":"","overlay-color":"","overlay-gradient":""}},"footnotes":""},"aioseo_notices":[],"uagb_featured_image_src":{"full":false,"thumbnail":false,"medium":false,"medium_large":false,"large":false,"1536x1536":false,"2048x2048":false,"woocommerce_thumbnail":false,"woocommerce_single":false,"woocommerce_gallery_thumbnail":false},"uagb_author_info":{"display_name":"paulogalera.com","author_link":"https:\/\/paulogalera.com\/index.php\/author\/paulogalera-com\/"},"uagb_comment_info":0,"uagb_excerpt":"J M Skatista e diretor &#8220;The best daggers&#8221; Tudo come\u00e7ou no ano de 2000, Conheci o PG e ele j\u00e1 inovando, uma crian\u00e7a prod\u00edgio cheio de talento e futuro no skate.Come\u00e7amos a filmar com um monstro flip croocked, que naquela \u00e9poca era para poucos skatistas, ali formamos uma amizade eterna. conversei com aque\u00e7a crian\u00e7a que&hellip;","_links":{"self":[{"href":"https:\/\/paulogalera.com\/index.php\/wp-json\/wp\/v2\/pages\/58"}],"collection":[{"href":"https:\/\/paulogalera.com\/index.php\/wp-json\/wp\/v2\/pages"}],"about":[{"href":"https:\/\/paulogalera.com\/index.php\/wp-json\/wp\/v2\/types\/page"}],"author":[{"embeddable":true,"href":"https:\/\/paulogalera.com\/index.php\/wp-json\/wp\/v2\/users\/1"}],"replies":[{"embeddable":true,"href":"https:\/\/paulogalera.com\/index.php\/wp-json\/wp\/v2\/comments?post=58"}],"version-history":[{"count":81,"href":"https:\/\/paulogalera.com\/index.php\/wp-json\/wp\/v2\/pages\/58\/revisions"}],"predecessor-version":[{"id":516,"href":"https:\/\/paulogalera.com\/index.php\/wp-json\/wp\/v2\/pages\/58\/revisions\/516"}],"wp:attachment":[{"href":"https:\/\/paulogalera.com\/index.php\/wp-json\/wp\/v2\/media?parent=58"}],"curies":[{"name":"wp","href":"https:\/\/api.w.org\/{rel}","templated":true}]}}